{"id":887465,"date":"2022-12-09T13:47:33","date_gmt":"2022-12-09T12:47:33","guid":{"rendered":"https:\/\/www.absaugwerk.de\/valores\/"},"modified":"2025-11-10T14:33:35","modified_gmt":"2025-11-10T13:33:35","slug":"valores","status":"publish","type":"page","link":"https:\/\/www.absaugwerk.de\/es\/la-empresa\/valores\/","title":{"rendered":"Valores"},"content":{"rendered":"<p>[et_pb_section fb_built=\u00bb1&#8243; fullwidth=\u00bbon\u00bb _builder_version=\u00bb4.18.0&#8243; _module_preset=\u00bbdefault\u00bb da_disable_devices=\u00bboff|off|off\u00bb global_colors_info=\u00bb{}\u00bb da_is_popup=\u00bboff\u00bb da_exit_intent=\u00bboff\u00bb da_has_close=\u00bbon\u00bb da_alt_close=\u00bboff\u00bb da_dark_close=\u00bboff\u00bb da_not_modal=\u00bbon\u00bb da_is_singular=\u00bboff\u00bb da_with_loader=\u00bboff\u00bb da_has_shadow=\u00bbon\u00bb][et_pb_fullwidth_header title=\u00bbValores\u00bb module_class=\u00bblcp-hero\u00bb _builder_version=\u00bb4.20.0&#8243; _module_preset=\u00bb26838e85-9489-4188-9526-e6623d0fc172&#8243; background_color=\u00bbrgba(23,23,30,0.6)\u00bb use_background_color_gradient=\u00bboff\u00bb background_image=\u00bbhttps:\/\/www.absaugwerk.de\/wp-content\/uploads\/2022\/12\/absaugwerk_unternehmen_werte_header-02.jpg\u00bb background_blend=\u00bbmultiply\u00bb custom_padding=\u00bb154px||154px||true|false\u00bb global_colors_info=\u00bb{}\u00bb][\/et_pb_fullwidth_header][\/et_pb_section][et_pb_section fb_built=\u00bb1&#8243; custom_padding_last_edited=\u00bbon|phone\u00bb _builder_version=\u00bb4.19.5&#8243; _module_preset=\u00bbdefault\u00bb background_color=\u00bb#F5F5F5&#8243; custom_margin=\u00bb0px||0px||false|false\u00bb custom_padding=\u00bb14px||12px||false|false\u00bb custom_padding_tablet=\u00bb14px||12px||false|false\u00bb custom_padding_phone=\u00bb15px||10px||false|false\u00bb da_disable_devices=\u00bboff|off|off\u00bb global_module=\u00bb802592&#8243; saved_tabs=\u00bball\u00bb global_colors_info=\u00bb{}\u00bb da_is_popup=\u00bboff\u00bb da_exit_intent=\u00bboff\u00bb da_has_close=\u00bbon\u00bb da_alt_close=\u00bboff\u00bb da_dark_close=\u00bboff\u00bb da_not_modal=\u00bbon\u00bb da_is_singular=\u00bboff\u00bb da_with_loader=\u00bboff\u00bb da_has_shadow=\u00bbon\u00bb][et_pb_row _builder_version=\u00bb4.19.4&#8243; _module_preset=\u00bbdefault\u00bb custom_margin=\u00bb0px||0px||false|false\u00bb custom_padding=\u00bb0px||0px||false|true\u00bb global_colors_info=\u00bb{}\u00bb][et_pb_column type=\u00bb4_4&#8243; _builder_version=\u00bb4.19.4&#8243; _module_preset=\u00bbdefault\u00bb custom_padding=\u00bb0px||0px||false|false\u00bb global_colors_info=\u00bb{}\u00bb][et_pb_code _builder_version=\u00bb4.19.5&#8243; _module_preset=\u00bbdefault\u00bb global_colors_info=\u00bb{}\u00bb]<nav aria-label=\"breadcrumbs\" class=\"rank-math-breadcrumb\"><p><span class=\"last\">Startseite<\/span><\/p><\/nav>[\/et_pb_code][\/et_pb_column][\/et_pb_row][\/et_pb_section][et_pb_section fb_built=\u00bb1&#8243; _builder_version=\u00bb4.19.2&#8243; _module_preset=\u00bb00aff66b-4fa6-467f-a840-01a7c6e4dbbe\u00bb da_disable_devices=\u00bboff|off|off\u00bb global_colors_info=\u00bb{}\u00bb da_is_popup=\u00bboff\u00bb da_exit_intent=\u00bboff\u00bb da_has_close=\u00bbon\u00bb da_alt_close=\u00bboff\u00bb da_dark_close=\u00bboff\u00bb da_not_modal=\u00bbon\u00bb da_is_singular=\u00bboff\u00bb da_with_loader=\u00bboff\u00bb da_has_shadow=\u00bbon\u00bb][et_pb_row _builder_version=\u00bb4.19.1&#8243; _module_preset=\u00bbdefault\u00bb custom_padding=\u00bb0px||1px||false|true\u00bb global_colors_info=\u00bb{}\u00bb][et_pb_column type=\u00bb4_4&#8243; _builder_version=\u00bb4.19.1&#8243; _module_preset=\u00bbdefault\u00bb global_colors_info=\u00bb{}\u00bb][et_pb_text _builder_version=\u00bb4.19.2&#8243; _module_preset=\u00bbb20c195b-5e47-42d4-b2f3-2da3965e9ff9&#8243; custom_margin=\u00bb|0px|||false|false\u00bb global_colors_info=\u00bb{}\u00bb]<\/p>\n<div class=\"sppb-col-md-8\" id=\"column-wrap-id-1572193562701\">\n<div id=\"column-id-1572193562701\" class=\"sppb-column\">\n<div class=\"sppb-column-addons\">\n<div id=\"sppb-addon-wrapper-1572187399724\" class=\"sppb-addon-wrapper\">\n<div id=\"sppb-addon-1572187399724\" class=\"clearfix\">\n<div class=\"sppb-addon sppb-addon-text-block sppb-text-center asw-titel\">\n<div class=\"sppb-addon-content\">\n<div class=\"sppb-col-md-8\" id=\"column-wrap-id-1572193562701\">\n<div id=\"column-id-1572193562701\" class=\"sppb-column\">\n<div class=\"sppb-column-addons\">\n<div id=\"sppb-addon-wrapper-1572187399724\" class=\"sppb-addon-wrapper\">\n<div id=\"sppb-addon-1572187399724\" class=\"clearfix\">\n<div class=\"sppb-addon sppb-addon-text-block sppb-text-center asw-titel\">\n<div class=\"sppb-addon-content\">\n<div id=\"sppb-addon-wrapper-1572187399724\" class=\"sppb-addon-wrapper\">\n<div id=\"sppb-addon-1572187399724\" class=\"clearfix\">\n<div class=\"sppb-addon sppb-addon-text-block sppb-text-center asw-titel\">\n<div class=\"sppb-addon-content\"><\/div>\n<\/div>\n<\/div>\n<\/div>\n<div id=\"sppb-addon-wrapper-1571854006552\" class=\"sppb-addon-wrapper\">\n<div id=\"sppb-addon-1571854006552\" class=\"clearfix\">\n<div class=\"sppb-addon sppb-addon-text-block sppb-text-center\">\n<div class=\"sppb-addon-content\">\n<p>ABSAUGWERK refleja los valores personales de sus empleados y los combina con ideas compartidas de trabajo en equipo, gesti\u00f3n de la empresa y objetivos. Nuestra cultura WERK constituye la base de nuestro \u00e9xito y de nuestra <\/p>\n<p><strong>\u00bbFILOSOF\u00cdA DE SENTIRSE BIEN\u00ab<\/strong><\/p>\n<\/div>\n<\/div>\n<\/div>\n<\/div>\n<\/div>\n<\/div>\n<\/div>\n<\/div>\n<\/div>\n<\/div>\n<\/div>\n<div class=\"sppb-col-md-2\" id=\"column-wrap-id-1572193562702\">\n<div id=\"column-id-1572193562702\" class=\"sppb-column\"><\/div>\n<\/div>\n<\/div>\n<\/div>\n<\/div>\n<\/div>\n<\/div>\n<\/div>\n<\/div>\n<p>[\/et_pb_text][\/et_pb_column][\/et_pb_row][\/et_pb_section][et_pb_section fb_built=\u00bb1&#8243; _builder_version=\u00bb4.19.2&#8243; _module_preset=\u00bbdefault\u00bb custom_padding=\u00bb2px||23px|||\u00bb da_disable_devices=\u00bboff|off|off\u00bb global_colors_info=\u00bb{}\u00bb da_is_popup=\u00bboff\u00bb da_exit_intent=\u00bboff\u00bb da_has_close=\u00bbon\u00bb da_alt_close=\u00bboff\u00bb da_dark_close=\u00bboff\u00bb da_not_modal=\u00bbon\u00bb da_is_singular=\u00bboff\u00bb da_with_loader=\u00bboff\u00bb da_has_shadow=\u00bbon\u00bb][et_pb_row _builder_version=\u00bb4.19.2&#8243; _module_preset=\u00bbdefault\u00bb custom_padding=\u00bb0px||10px||false|true\u00bb global_colors_info=\u00bb{}\u00bb][et_pb_column type=\u00bb4_4&#8243; _builder_version=\u00bb4.19.2&#8243; _module_preset=\u00bbdefault\u00bb global_colors_info=\u00bb{}\u00bb][et_pb_accordion _builder_version=\u00bb4.27.4&#8243; _module_preset=\u00bbdd3363ad-c83b-44c1-a9b7-34de34558051&#8243; hover_enabled=\u00bb0&#8243; global_colors_info=\u00bb{}\u00bb sticky_enabled=\u00bb0&#8243;][et_pb_accordion_item title=\u00bbSalud\u00bb open=\u00bbon\u00bb _builder_version=\u00bb4.27.4&#8243; _module_preset=\u00bbdefault\u00bb hover_enabled=\u00bb0&#8243; global_colors_info=\u00bb{}\u00bb sticky_enabled=\u00bb0&#8243;]<\/p>\n<p><span>Queremos prevenir y contrarrestar las t\u00edpicas enfermedades de oficina y la famosa \u00abdieta del pastel de carne\u00bb apoyando las actividades deportivas, los puestos de trabajo ergon\u00f3micos y una oferta saludable de comida y bebida. ABSAUGWERK no persigue <a class=\"wpil_keyword_link\" href=\"https:\/\/www.absaugwerk.de\/es\/la-empresa\/\" data-wpil-keyword-link=\"linked\" data-wpil-monitor-id=\"160000\">objetivos<\/a> irrazonablemente perjudiciales para nuestros empleados, sino que trabaja con su propia \u00abfilosof\u00eda de sentirse bien\u00bb. <\/span><\/p>\n<p>[\/et_pb_accordion_item][et_pb_accordion_item title=\u00bbHonestidad\u00bb _builder_version=\u00bb4.27.4&#8243; _module_preset=\u00bbdefault\u00bb global_colors_info=\u00bb{}\u00bb open=\u00bboff\u00bb]<\/p>\n<p><span>El trato honesto entre nosotros y con los socios externos es la base de una cooperaci\u00f3n de confianza y una <a class=\"wpil_keyword_link\" href=\"https:\/\/www.absaugwerk.de\/es\/servicios\/socio\/\" data-wpil-keyword-link=\"linked\" data-wpil-monitor-id=\"158566\">asociaci\u00f3n a<\/a> largo plazo. Trabajamos juntos para encontrar soluciones a los problemas que surgen, permitimos que se cometan errores y aprendemos de ellos. Tanto los compa\u00f1eros como todo el WERK se benefician de ello. Los supervisores son personas de confianza y no instituciones de control.   <\/span><\/p>\n<p>[\/et_pb_accordion_item][et_pb_accordion_item title=\u00bbIdentificaci\u00f3n\u00bb _builder_version=\u00bb4.19.2&#8243; _module_preset=\u00bbdefault\u00bb global_colors_info=\u00bb{}\u00bb open=\u00bboff\u00bb]<\/p>\n<p><span>Nos identificamos con nuestras actividades diarias y nuestros objetivos corporativos y personales compartidos. Nos vemos como piezas de mosaico en una OBRA global. Nuestro extraordinario ambiente de trabajo hace de ABSAUGWERK no s\u00f3lo un lugar de trabajo, sino un lugar de bienestar y una estructura social en la que cada empleado tiene un lugar seguro.  <\/span><\/p>\n<p>[\/et_pb_accordion_item][et_pb_accordion_item title=\u00bbObjetivos comunes\u00bb _builder_version=\u00bb4.19.2&#8243; _module_preset=\u00bbdefault\u00bb global_colors_info=\u00bb{}\u00bb open=\u00bboff\u00bb]<\/p>\n<p><span>Nuestros objetivos corporativos son accesibles y transparentes para todos los empleados. Las reuniones regulares de WERKER forman parte de nuestra rutina diaria. En ellas intercambiamos ideas entre departamentos y trabajamos juntos para eliminar obst\u00e1culos. Para alcanzar nuestros objetivos, nos apoyamos mutuamente y nos ayudamos a lograr el \u00e9xito tanto conjunto como individual.   <\/span><\/p>\n<p>[\/et_pb_accordion_item][et_pb_accordion_item title=\u00bbRespeta\u00bb _builder_version=\u00bb4.19.2&#8243; _module_preset=\u00bbdefault\u00bb global_colors_info=\u00bb{}\u00bb open=\u00bboff\u00bb]<\/p>\n<p><span>Respetamos el rendimiento laboral y la personalidad individual de nuestros empleados y colegas. Ning\u00fan trabajo es m\u00e1s importante para nosotros que otro, no toleramos una jerarqu\u00eda de m\u00e9dicos. Cada empleado contribuye a nuestro TRABAJO en general y lo hace m\u00e1s vistoso.  <\/span><\/p>\n<p>[\/et_pb_accordion_item][et_pb_accordion_item title=\u00bbConf\u00eda en\u00bb _builder_version=\u00bb4.27.4&#8243; _module_preset=\u00bbdefault\u00bb global_colors_info=\u00bb{}\u00bb open=\u00bboff\u00bb]<\/p>\n<p><span>En nuestra saludable PYME WORK, nuestros empleados tienen una gran responsabilidad en su \u00e1rea y desempe\u00f1an varias funciones al mismo tiempo. S\u00f3lo con un alto nivel de confianza mutua podemos trabajar eficazmente y sin barreras. Valoramos mucho la confianza de nuestros <a class=\"wpil_keyword_link\" href=\"https:\/\/www.absaugwerk.de\/es\/servicios\/socio\/\" data-wpil-keyword-link=\"linked\">socios externos<\/a> y no la utilizamos en nuestro beneficio personal.  <\/span><\/p>\n<p>[\/et_pb_accordion_item][et_pb_accordion_item title=\u00bbProfesionalidad\u00bb _builder_version=\u00bb4.19.2&#8243; _module_preset=\u00bbdefault\u00bb global_colors_info=\u00bb{}\u00bb open=\u00bboff\u00bb]<\/p>\n<p><span>Cada empleado de ABSAUGWERK es un profesional absoluto en su campo. Esto nos permite garantizar a nuestros clientes la m\u00e1xima calidad en nuestros sistemas y servicios. Tenemos un gran respeto por los productos finales de nuestros clientes y contribuimos a que su TRABAJO sea perfecto con nuestros sistemas.  <\/span><\/p>\n<p>[\/et_pb_accordion_item][et_pb_accordion_item title=\u00bbCoherencia\u00bb _builder_version=\u00bb4.19.2&#8243; _module_preset=\u00bbdefault\u00bb global_colors_info=\u00bb{}\u00bb open=\u00bboff\u00bb]<\/p>\n<p><span>ABSAUGWERK ofrece a cada empleado un entorno de trabajo estable y seguro y un crecimiento personal y corporativo saludable. Estamos muy comprometidos con retener y motivar a nuestros empleados a largo plazo, ellos son nuestro coraz\u00f3nWERK. <\/span><\/p>\n<p>[\/et_pb_accordion_item][et_pb_accordion_item title=\u00bbfiabilidad\u00bb _builder_version=\u00bb4.19.2&#8243; _module_preset=\u00bbdefault\u00bb global_colors_info=\u00bb{}\u00bb open=\u00bboff\u00bb]<\/p>\n<p><span>Una palabra: \u00a1EL WERK! Nos hemos ganado la confianza de nuestros <a class=\"wpil_keyword_link\" href=\"https:\/\/www.absaugwerk.de\/es\/servicios\/socio\/\" title=\"Socio\" data-wpil-keyword-link=\"linked\" data-wpil-monitor-id=\"160001\">socios<\/a> mediante un gran compromiso y equidad. Vivimos esta \u00e9tica del trabajo entre compa\u00f1eros, proveedores, clientes y otros socios. S\u00f3lo as\u00ed podemos garantizar una cooperaci\u00f3n de confianza y a largo plazo.   <\/span><\/p>\n<p>[\/et_pb_accordion_item][et_pb_accordion_item title=\u00bbAsociaci\u00f3n\u00bb _builder_version=\u00bb4.19.2&#8243; _module_preset=\u00bbdefault\u00bb global_colors_info=\u00bb{}\u00bb open=\u00bboff\u00bb]<\/p>\n<p><span>\u00a1No tenemos miedo al compromiso! Mantenemos nuestras colaboraciones continuamente y a nivel personal, vendemos y compramos a personas. El respeto mutuo y la confianza en nuestro NetzWERK son esenciales para nosotros.  <\/span><\/p>\n<p>[\/et_pb_accordion_item][\/et_pb_accordion][\/et_pb_column][\/et_pb_row][\/et_pb_section][et_pb_section fb_built=\u00bb1&#8243; _builder_version=\u00bb4.19.2&#8243; _module_preset=\u00bbdefault\u00bb custom_padding=\u00bb60px||27px|||\u00bb da_disable_devices=\u00bboff|off|off\u00bb global_colors_info=\u00bb{}\u00bb da_is_popup=\u00bboff\u00bb da_exit_intent=\u00bboff\u00bb da_has_close=\u00bbon\u00bb da_alt_close=\u00bboff\u00bb da_dark_close=\u00bboff\u00bb da_not_modal=\u00bbon\u00bb da_is_singular=\u00bboff\u00bb da_with_loader=\u00bboff\u00bb da_has_shadow=\u00bbon\u00bb][et_pb_row _builder_version=\u00bb4.19.2&#8243; _module_preset=\u00bbdefault\u00bb global_colors_info=\u00bb{}\u00bb][et_pb_column type=\u00bb4_4&#8243; _builder_version=\u00bb4.19.2&#8243; _module_preset=\u00bbdefault\u00bb global_colors_info=\u00bb{}\u00bb][et_pb_text _builder_version=\u00bb4.19.2&#8243; _module_preset=\u00bbb20c195b-5e47-42d4-b2f3-2da3965e9ff9&#8243; global_colors_info=\u00bb{}\u00bb]<\/p>\n<h2>\u00bbCada empleado, socio o cliente<br \/>hace que El WERK tenga m\u00e1s color.\u00ab<\/h2>\n<p>[\/et_pb_text][\/et_pb_column][\/et_pb_row][et_pb_row column_structure=\u00bb1_3,1_3,1_3&#8243; use_custom_gutter=\u00bbon\u00bb make_equal=\u00bbon\u00bb _builder_version=\u00bb4.20.4&#8243; _module_preset=\u00bbdefault\u00bb max_width=\u00bb1400px\u00bb custom_margin=\u00bb60px|auto||auto||\u00bb custom_padding=\u00bb0px||3px||false|true\u00bb global_colors_info=\u00bb{}\u00bb][et_pb_column type=\u00bb1_3&#8243; _builder_version=\u00bb4.19.2&#8243; _module_preset=\u00bbdefault\u00bb global_colors_info=\u00bb{}\u00bb][et_pb_image src=\u00bbhttps:\/\/www.absaugwerk.de\/wp-content\/uploads\/2022\/12\/absaugwerk_unternehmen_werte_bildkachel-03.jpg\u00bb title_text=\u00bbabsaugwerk_valores_empresa_imagen_tile-03&#8243; _builder_version=\u00bb4.19.2&#8243; _module_preset=\u00bbdefault\u00bb global_colors_info=\u00bb{}\u00bb][\/et_pb_image][\/et_pb_column][et_pb_column type=\u00bb1_3&#8243; _builder_version=\u00bb4.20.4&#8243; _module_preset=\u00bbdefault\u00bb global_colors_info=\u00bb{}\u00bb][et_pb_image src=\u00bbhttps:\/\/www.absaugwerk.de\/wp-content\/uploads\/2023\/04\/ABSAUGWERK_Unternehmen_Werte_Gesundes-Essen.jpg\u00bb title_text=\u00bbABSAUGWERK_Empresa_Valora_la_Comida_Sana\u00bb _builder_version=\u00bb4.20.4&#8243; _module_preset=\u00bbdefault\u00bb global_colors_info=\u00bb{}\u00bb][\/et_pb_image][\/et_pb_column][et_pb_column type=\u00bb1_3&#8243; _builder_version=\u00bb4.19.2&#8243; _module_preset=\u00bbdefault\u00bb global_colors_info=\u00bb{}\u00bb][et_pb_image src=\u00bbhttps:\/\/www.absaugwerk.de\/wp-content\/uploads\/2024\/03\/ABSAUGWERK_Unternehmen_Werte_Bildkachel-04.jpg\u00bb title_text=\u00bbABSAUGWERK_Valores_Empresa_Imagen_tile-04&#8243; _builder_version=\u00bb4.24.2&#8243; _module_preset=\u00bbdefault\u00bb global_colors_info=\u00bb{}\u00bb][\/et_pb_image][\/et_pb_column][\/et_pb_row][\/et_pb_section][et_pb_section fb_built=\u00bb1&#8243; _builder_version=\u00bb4.19.2&#8243; _module_preset=\u00bb60e63619-d179-4e61-b546-e2ff598da92f\u00bb da_disable_devices=\u00bboff|off|off\u00bb global_colors_info=\u00bb{}\u00bb da_is_popup=\u00bboff\u00bb da_exit_intent=\u00bboff\u00bb da_has_close=\u00bbon\u00bb da_alt_close=\u00bboff\u00bb da_dark_close=\u00bboff\u00bb da_not_modal=\u00bbon\u00bb da_is_singular=\u00bboff\u00bb da_with_loader=\u00bboff\u00bb da_has_shadow=\u00bbon\u00bb][et_pb_row _builder_version=\u00bb4.18.0&#8243; _module_preset=\u00bbdefault\u00bb custom_padding=\u00bb8px||||false|true\u00bb global_colors_info=\u00bb{}\u00bb][et_pb_column type=\u00bb4_4&#8243; _builder_version=\u00bb4.18.0&#8243; _module_preset=\u00bbdefault\u00bb global_colors_info=\u00bb{}\u00bb][et_pb_button button_url=\u00bb@ET-DC@eyJkeW5hbWljIjp0cnVlLCJjb250ZW50IjoicG9zdF9saW5rX3VybF9wYWdlIiwic2V0dGluZ3MiOnsicG9zdF9pZCI6IjgwMzk1NiIsImVuYWJsZV9odG1sIjoib2ZmIn19@\u00bb button_text=\u00bbEl WERK\u00bb _builder_version=\u00bb4.20.0&#8243; _dynamic_attributes=\u00bbbutton_url\u00bb _module_preset=\u00bb1eb617f6-91d7-4cbf-892e-683eb12723f0&#8243; custom_margin=\u00bb||-4px||false|false\u00bb global_colors_info=\u00bb{}\u00bb][\/et_pb_button][et_pb_divider _builder_version=\u00bb4.19.1&#8243; _module_preset=\u00bbd54082b8-d532-4351-858b-170b7278f4ef\u00bb global_colors_info=\u00bb{}\u00bb][\/et_pb_divider][et_pb_button button_url=\u00bb@ET-DC@eyJkeW5hbWljIjp0cnVlLCJjb250ZW50IjoicG9zdF9saW5rX3VybF9wYWdlIiwic2V0dGluZ3MiOnsicG9zdF9pZCI6IjgwMzk4MiIsImVuYWJsZV9odG1sIjoib2ZmIn19@\u00bb button_text=\u00bbLos WERKER\u00bb _builder_version=\u00bb4.20.0&#8243; _dynamic_attributes=\u00bbbutton_url\u00bb _module_preset=\u00bb1eb617f6-91d7-4cbf-892e-683eb12723f0&#8243; custom_margin=\u00bb||-4px|||\u00bb global_colors_info=\u00bb{}\u00bb][\/et_pb_button][et_pb_divider _builder_version=\u00bb4.19.1&#8243; _module_preset=\u00bbd54082b8-d532-4351-858b-170b7278f4ef\u00bb global_colors_info=\u00bb{}\u00bb][\/et_pb_divider][et_pb_button button_url=\u00bb@ET-DC@eyJkeW5hbWljIjp0cnVlLCJjb250ZW50IjoicG9zdF9saW5rX3VybF9wYWdlIiwic2V0dGluZ3MiOnsicG9zdF9pZCI6IjgwNDEwNCIsImVuYWJsZV9odG1sIjoib2ZmIn19@\u00bb button_text=\u00bbCarrera profesional\u00bb _builder_version=\u00bb4.19.2&#8243; _dynamic_attributes=\u00bbbutton_url\u00bb _module_preset=\u00bb1eb617f6-91d7-4cbf-892e-683eb12723f0&#8243; custom_margin=\u00bb-1px||||false|false\u00bb global_colors_info=\u00bb{}\u00bb][\/et_pb_button][\/et_pb_column][\/et_pb_row][\/et_pb_section]<\/p>\n<div class=\"shariff shariff-align-center shariff-widget-align-center\" data-services=\"facebook\" data-url=\"https%3A%2F%2Fwww.absaugwerk.de%2Fes%2Fla-empresa%2Fvalores%2F\" data-timestamp=\"1762785215\" data-hidezero=\"1\" data-backendurl=\"https:\/\/www.absaugwerk.de\/es\/wp-json\/shariff\/v1\/share_counts?\"><div class=\"ShariffHeadline\"><h5 style=\"font-size:16px\">TEILEN:<\/h5><\/div><ul class=\"shariff-buttons theme-round orientation-horizontal buttonsize-small\"><li class=\"shariff-button facebook\" style=\"background-color:#00857d;border-radius:10%\"><a href=\"https:\/\/www.facebook.com\/sharer\/sharer.php?u=https%3A%2F%2Fwww.absaugwerk.de%2Fes%2Fla-empresa%2Fvalores%2F\" title=\"Compartir en Facebook\" aria-label=\"Compartir en Facebook\" role=\"button\" rel=\"noreferrernoopener nofollow\" class=\"shariff-link\" style=\";border-radius:10%; background-color:#898989; color:#fff\" target=\"_blank\"><span class=\"shariff-icon\" style=\"\"><svg width=\"32px\" height=\"20px\" xmlns=\"http:\/\/www.w3.org\/2000\/svg\" viewBox=\"0 0 18 32\"><path fill=\"#3b5998\" d=\"M17.1 0.2v4.7h-2.8q-1.5 0-2.1 0.6t-0.5 1.9v3.4h5.2l-0.7 5.3h-4.5v13.6h-5.5v-13.6h-4.5v-5.3h4.5v-3.9q0-3.3 1.9-5.2t5-1.8q2.6 0 4.1 0.2z\"\/><\/svg><\/span><\/a><\/li><li class=\"shariff-button twitter\" style=\"background-color:#00857d;border-radius:10%\"><a href=\"https:\/\/twitter.com\/share?url=https%3A%2F%2Fwww.absaugwerk.de%2Fes%2Fla-empresa%2Fvalores%2F&text=Valores\" title=\"Compartir en X (Twitter)\" aria-label=\"Compartir en X (Twitter)\" role=\"button\" rel=\"noreferrernoopener nofollow\" class=\"shariff-link\" style=\";border-radius:10%; background-color:#898989; color:#fff\" target=\"_blank\"><span class=\"shariff-icon\" style=\"\"><svg xmlns=\"http:\/\/www.w3.org\/2000\/svg\" height=\"1em\" viewBox=\"0 0 512 512\"><!--! Font Awesome Free 6.4.2 by @fontawesome - https:\/\/fontawesome.com License - https:\/\/fontawesome.com\/license (Commercial License) Copyright 2023 Fonticons, Inc. --><style>svg{fill:#ffffff}<\/style><path d=\"M389.2 48h70.6L305.6 224.2 487 464H345L233.7 318.6 106.5 464H35.8L200.7 275.5 26.8 48H172.4L272.9 180.9 389.2 48zM364.4 421.8h39.1L151.1 88h-42L364.4 421.8z\"\/><\/svg><\/span><\/a><\/li><li class=\"shariff-button xing\" style=\"background-color:#00857d;border-radius:10%\"><a href=\"https:\/\/www.xing.com\/spi\/shares\/new?url=https%3A%2F%2Fwww.absaugwerk.de%2Fes%2Fla-empresa%2Fvalores%2F\" title=\"Compartir en XING\" aria-label=\"Compartir en XING\" role=\"button\" rel=\"noreferrernoopener nofollow\" class=\"shariff-link\" style=\";border-radius:10%; background-color:#898989; color:#fff\" target=\"_blank\"><span class=\"shariff-icon\" style=\"\"><svg width=\"32px\" height=\"20px\" xmlns=\"http:\/\/www.w3.org\/2000\/svg\" viewBox=\"0 0 25 32\"><path fill=\"#126567\" d=\"M10.7 11.9q-0.2 0.3-4.6 8.2-0.5 0.8-1.2 0.8h-4.3q-0.4 0-0.5-0.3t0-0.6l4.5-8q0 0 0 0l-2.9-5q-0.2-0.4 0-0.7 0.2-0.3 0.5-0.3h4.3q0.7 0 1.2 0.8zM25.1 0.4q0.2 0.3 0 0.7l-9.4 16.7 6 11q0.2 0.4 0 0.6-0.2 0.3-0.6 0.3h-4.3q-0.7 0-1.2-0.8l-6-11.1q0.3-0.6 9.5-16.8 0.4-0.8 1.2-0.8h4.3q0.4 0 0.5 0.3z\"\/><\/svg><\/span><\/a><\/li><li class=\"shariff-button linkedin\" style=\"background-color:#00857d;border-radius:10%\"><a href=\"https:\/\/www.linkedin.com\/sharing\/share-offsite\/?url=https%3A%2F%2Fwww.absaugwerk.de%2Fes%2Fla-empresa%2Fvalores%2F\" title=\"Compartir en LinkedIn\" aria-label=\"Compartir en LinkedIn\" role=\"button\" rel=\"noreferrernoopener nofollow\" class=\"shariff-link\" style=\";border-radius:10%; background-color:#898989; color:#fff\" target=\"_blank\"><span class=\"shariff-icon\" style=\"\"><svg width=\"32px\" height=\"20px\" xmlns=\"http:\/\/www.w3.org\/2000\/svg\" viewBox=\"0 0 27 32\"><path fill=\"#0077b5\" d=\"M6.2 11.2v17.7h-5.9v-17.7h5.9zM6.6 5.7q0 1.3-0.9 2.2t-2.4 0.9h0q-1.5 0-2.4-0.9t-0.9-2.2 0.9-2.2 2.4-0.9 2.4 0.9 0.9 2.2zM27.4 18.7v10.1h-5.9v-9.5q0-1.9-0.7-2.9t-2.3-1.1q-1.1 0-1.9 0.6t-1.2 1.5q-0.2 0.5-0.2 1.4v9.9h-5.9q0-7.1 0-11.6t0-5.3l0-0.9h5.9v2.6h0q0.4-0.6 0.7-1t1-0.9 1.6-0.8 2-0.3q3 0 4.9 2t1.9 6z\"\/><\/svg><\/span><\/a><\/li><li class=\"shariff-button whatsapp\" style=\"background-color:#00857d;border-radius:10%\"><a href=\"https:\/\/api.whatsapp.com\/send?text=https%3A%2F%2Fwww.absaugwerk.de%2Fes%2Fla-empresa%2Fvalores%2F%20Valores\" title=\"Compartir en Whatsapp\" aria-label=\"Compartir en Whatsapp\" role=\"button\" rel=\"noreferrernoopener nofollow\" class=\"shariff-link\" style=\";border-radius:10%; background-color:#898989; color:#fff\" target=\"_blank\"><span class=\"shariff-icon\" style=\"\"><svg width=\"32px\" height=\"20px\" xmlns=\"http:\/\/www.w3.org\/2000\/svg\" viewBox=\"0 0 32 32\"><path fill=\"#34af23\" d=\"M17.6 17.4q0.2 0 1.7 0.8t1.6 0.9q0 0.1 0 0.3 0 0.6-0.3 1.4-0.3 0.7-1.3 1.2t-1.8 0.5q-1 0-3.4-1.1-1.7-0.8-3-2.1t-2.6-3.3q-1.3-1.9-1.3-3.5v-0.1q0.1-1.6 1.3-2.8 0.4-0.4 0.9-0.4 0.1 0 0.3 0t0.3 0q0.3 0 0.5 0.1t0.3 0.5q0.1 0.4 0.6 1.6t0.4 1.3q0 0.4-0.6 1t-0.6 0.8q0 0.1 0.1 0.3 0.6 1.3 1.8 2.4 1 0.9 2.7 1.8 0.2 0.1 0.4 0.1 0.3 0 1-0.9t0.9-0.9zM14 26.9q2.3 0 4.3-0.9t3.6-2.4 2.4-3.6 0.9-4.3-0.9-4.3-2.4-3.6-3.6-2.4-4.3-0.9-4.3 0.9-3.6 2.4-2.4 3.6-0.9 4.3q0 3.6 2.1 6.6l-1.4 4.2 4.3-1.4q2.8 1.9 6.2 1.9zM14 2.2q2.7 0 5.2 1.1t4.3 2.9 2.9 4.3 1.1 5.2-1.1 5.2-2.9 4.3-4.3 2.9-5.2 1.1q-3.5 0-6.5-1.7l-7.4 2.4 2.4-7.2q-1.9-3.2-1.9-6.9 0-2.7 1.1-5.2t2.9-4.3 4.3-2.9 5.2-1.1z\"\/><\/svg><\/span><\/a><\/li><\/ul><\/div>","protected":false},"excerpt":{"rendered":"<p><nav aria-label=\"breadcrumbs\" class=\"rank-math-breadcrumb\"><p><span class=\"last\">Startseite<\/span><\/p><\/nav> ABSAUGWERK refleja los valores personales de sus empleados y los combina con ideas compartidas de trabajo en equipo, gesti\u00f3n de la empresa y objetivos. Nuestra cultura WERK constituye la base de nuestro \u00e9xito y de nuestra \u00bbFILOSOF\u00cdA DE SENTIRSE BIEN\u00ab Queremos prevenir y contrarrestar las t\u00edpicas enfermedades de oficina y la famosa \u00abdieta del [&hellip;]<\/p>\n","protected":false},"author":1,"featured_media":0,"parent":895545,"menu_order":0,"comment_status":"closed","ping_status":"closed","template":"","meta":{"_acf_changed":false,"_et_pb_use_builder":"on","_et_pb_old_content":"","_et_gb_content_width":"","footnotes":""},"dipi_cpt_category":[],"class_list":["post-887465","page","type-page","status-publish","hentry"],"acf":[],"_links":{"self":[{"href":"https:\/\/www.absaugwerk.de\/es\/wp-json\/wp\/v2\/pages\/887465","targetHints":{"allow":["GET"]}}],"collection":[{"href":"https:\/\/www.absaugwerk.de\/es\/wp-json\/wp\/v2\/pages"}],"about":[{"href":"https:\/\/www.absaugwerk.de\/es\/wp-json\/wp\/v2\/types\/page"}],"author":[{"embeddable":true,"href":"https:\/\/www.absaugwerk.de\/es\/wp-json\/wp\/v2\/users\/1"}],"replies":[{"embeddable":true,"href":"https:\/\/www.absaugwerk.de\/es\/wp-json\/wp\/v2\/comments?post=887465"}],"version-history":[{"count":3,"href":"https:\/\/www.absaugwerk.de\/es\/wp-json\/wp\/v2\/pages\/887465\/revisions"}],"predecessor-version":[{"id":1025157,"href":"https:\/\/www.absaugwerk.de\/es\/wp-json\/wp\/v2\/pages\/887465\/revisions\/1025157"}],"up":[{"embeddable":true,"href":"https:\/\/www.absaugwerk.de\/es\/wp-json\/wp\/v2\/pages\/895545"}],"wp:attachment":[{"href":"https:\/\/www.absaugwerk.de\/es\/wp-json\/wp\/v2\/media?parent=887465"}],"wp:term":[{"taxonomy":"dipi_cpt_category","embeddable":true,"href":"https:\/\/www.absaugwerk.de\/es\/wp-json\/wp\/v2\/dipi_cpt_category?post=887465"}],"curies":[{"name":"wp","href":"https:\/\/api.w.org\/{rel}","templated":true}]}}