{"id":886867,"date":"2022-11-29T13:07:01","date_gmt":"2022-11-29T12:07:01","guid":{"rendered":"https:\/\/www.absaugwerk.de\/accesorios-del-sistema-de-extraccion\/adquisiciones\/"},"modified":"2025-11-07T08:11:00","modified_gmt":"2025-11-07T07:11:00","slug":"captaciones","status":"publish","type":"page","link":"https:\/\/www.absaugwerk.de\/es\/unidades-de-extraccion\/accesorios\/captaciones\/","title":{"rendered":"Captaciones"},"content":{"rendered":"<p>[et_pb_section fb_built=\u00bb1&#8243; fullwidth=\u00bbon\u00bb _builder_version=\u00bb4.19.4&#8243; _module_preset=\u00bbdefault\u00bb background_color=\u00bb#17171e\u00bb max_width=\u00bb100%\u00bb module_alignment=\u00bbcenter\u00bb locked=\u00bboff\u00bb global_colors_info=\u00bb{}\u00bb][et_pb_fullwidth_header title=\u00bbCaptaciones\u00bb title_last_edited=\u00bboff|phone\u00bb _builder_version=\u00bb4.19.5&#8243; _module_preset=\u00bb47ec07f2-41c3-4232-9f51-dff6e538a18e\u00bb custom_margin=\u00bb||||false|false\u00bb custom_padding=\u00bb74px|0px|74px|0px|true|false\u00bb custom_padding_last_edited=\u00bboff|phone\u00bb title_font_size_phone=\u00bb22px\u00bb global_colors_info=\u00bb{}\u00bb][\/et_pb_fullwidth_header][\/et_pb_section][et_pb_section fb_built=\u00bb1&#8243; custom_padding_last_edited=\u00bbon|phone\u00bb _builder_version=\u00bb4.19.5&#8243; _module_preset=\u00bbdefault\u00bb background_color=\u00bb#F5F5F5&#8243; custom_margin=\u00bb0px||0px||false|false\u00bb custom_padding=\u00bb14px||12px||false|false\u00bb custom_padding_tablet=\u00bb14px||12px||false|false\u00bb custom_padding_phone=\u00bb15px||10px||false|false\u00bb global_module=\u00bb802592&#8243; saved_tabs=\u00bball\u00bb global_colors_info=\u00bb{}\u00bb][et_pb_row _builder_version=\u00bb4.19.4&#8243; _module_preset=\u00bbdefault\u00bb custom_margin=\u00bb0px||0px||false|false\u00bb custom_padding=\u00bb0px||0px||false|true\u00bb global_colors_info=\u00bb{}\u00bb][et_pb_column type=\u00bb4_4&#8243; _builder_version=\u00bb4.19.4&#8243; _module_preset=\u00bbdefault\u00bb custom_padding=\u00bb0px||0px||false|false\u00bb global_colors_info=\u00bb{}\u00bb][et_pb_code _builder_version=\u00bb4.19.5&#8243; _module_preset=\u00bbdefault\u00bb global_colors_info=\u00bb{}\u00bb]<nav aria-label=\"breadcrumbs\" class=\"rank-math-breadcrumb\"><p><span class=\"last\">Startseite<\/span><\/p><\/nav>[\/et_pb_code][\/et_pb_column][\/et_pb_row][\/et_pb_section][et_pb_section fb_built=\u00bb1&#8243; _builder_version=\u00bb4.19.2&#8243; _module_preset=\u00bb00aff66b-4fa6-467f-a840-01a7c6e4dbbe\u00bb locked=\u00bboff\u00bb global_colors_info=\u00bb{}\u00bb][et_pb_row _builder_version=\u00bb4.19.1&#8243; _module_preset=\u00bbdefault\u00bb custom_margin=\u00bb||||false|false\u00bb custom_margin_tablet=\u00bb-20px||||false|false\u00bb custom_margin_phone=\u00bb-34px||||false|false\u00bb custom_margin_last_edited=\u00bbon|tablet\u00bb custom_padding=\u00bb0px||0px||false|true\u00bb global_colors_info=\u00bb{}\u00bb locked=\u00bboff\u00bb][et_pb_column type=\u00bb4_4&#8243; _builder_version=\u00bb4.18.0&#8243; _module_preset=\u00bbdefault\u00bb global_colors_info=\u00bb{}\u00bb][et_pb_text _builder_version=\u00bb4.24.2&#8243; _module_preset=\u00bbb20c195b-5e47-42d4-b2f3-2da3965e9ff9&#8243; hover_enabled=\u00bb0&#8243; global_colors_info=\u00bb{}\u00bb sticky_enabled=\u00bb0&#8243;]<\/p>\n<div id=\"sppb-addon-wrapper-1652941709023\" class=\"sppb-addon-wrapper\">\n<div id=\"sppb-addon-1652941709023\" class=\"clearfix\">\n<div class=\"sppb-addon sppb-addon-text-block sppb-text-center\">\n<div class=\"sppb-addon-content\">\n<h2><span>Captaciones para unidades de extracci\u00f3n<\/span><\/h2>\n<p><span>El elemento de captaci\u00f3n adecuado es crucial para una aspiraci\u00f3n eficaz de las emisiones industriales. Por eso ofrecemos brazos de extracci\u00f3n, campanas de extracci\u00f3n y mesas de extracci\u00f3n de distintos tama\u00f1os y dise\u00f1os. <\/span><\/p>\n<\/div>\n<\/div>\n<\/div>\n<\/div>\n<p>[\/et_pb_text][\/et_pb_column][\/et_pb_row][\/et_pb_section][et_pb_section fb_built=\u00bb1&#8243; _builder_version=\u00bb4.19.2&#8243; _module_preset=\u00bb0685e383-15e9-4222-ad32-a687ccbd4246&#8243; custom_padding=\u00bb4px||1px|||\u00bb global_colors_info=\u00bb{}\u00bb][et_pb_row column_structure=\u00bb1_2,1_2&#8243; use_custom_gutter=\u00bbon\u00bb make_equal=\u00bbon\u00bb _builder_version=\u00bb4.18.0&#8243; _module_preset=\u00bbdefault\u00bb global_colors_info=\u00bb{}\u00bb][et_pb_column type=\u00bb1_2&#8243; _builder_version=\u00bb4.18.0&#8243; _module_preset=\u00bbdefault\u00bb global_colors_info=\u00bb{}\u00bb][et_pb_cta title=\u00bbBrazos de extracci\u00f3n\u00bb button_url=\u00bb@ET-DC@eyJkeW5hbWljIjp0cnVlLCJjb250ZW50IjoicG9zdF9saW5rX3VybF9wYWdlIiwic2V0dGluZ3MiOnsicG9zdF9pZCI6IjgwMzIxNyJ9fQ==@\u00bb button_text=\u00bbDescubre\u00bb _builder_version=\u00bb4.20.2&#8243; _dynamic_attributes=\u00bbbutton_url\u00bb _module_preset=\u00bb11de6cc7-6f35-4914-90e8-9e83d758369e\u00bb background_image=\u00bbhttps:\/\/www.absaugwerk.de\/wp-content\/uploads\/2022\/11\/absaugwerk_zubehoer_erfassung_absaugarm.jpg\u00bb custom_padding=\u00bb0px||0px||true|false\u00bb global_colors_info=\u00bb{}\u00bb][\/et_pb_cta][\/et_pb_column][et_pb_column type=\u00bb1_2&#8243; _builder_version=\u00bb4.18.0&#8243; _module_preset=\u00bbdefault\u00bb global_colors_info=\u00bb{}\u00bb][et_pb_cta title=\u00bbMesa de extracci\u00f3n\u00bb button_url=\u00bb@ET-DC@eyJkeW5hbWljIjp0cnVlLCJjb250ZW50IjoicG9zdF9saW5rX3VybF9wYWdlIiwic2V0dGluZ3MiOnsicG9zdF9pZCI6IjgwMzI0MCJ9fQ==@\u00bb button_text=\u00bbDescubre\u00bb _builder_version=\u00bb4.20.2&#8243; _dynamic_attributes=\u00bbbutton_url\u00bb _module_preset=\u00bb11de6cc7-6f35-4914-90e8-9e83d758369e\u00bb background_image=\u00bbhttps:\/\/www.absaugwerk.de\/wp-content\/uploads\/2022\/10\/absaugwerk_zubehoer_erfassung_absaugtisch.jpg\u00bb custom_padding=\u00bb0px||0px||true|false\u00bb global_colors_info=\u00bb{}\u00bb][\/et_pb_cta][\/et_pb_column][\/et_pb_row][et_pb_row column_structure=\u00bb1_2,1_2&#8243; use_custom_gutter=\u00bbon\u00bb make_equal=\u00bbon\u00bb _builder_version=\u00bb4.18.0&#8243; _module_preset=\u00bbdefault\u00bb custom_padding=\u00bb3px||90px|||\u00bb global_colors_info=\u00bb{}\u00bb][et_pb_column type=\u00bb1_2&#8243; _builder_version=\u00bb4.18.0&#8243; _module_preset=\u00bbdefault\u00bb global_colors_info=\u00bb{}\u00bb][et_pb_cta title=\u00bbCampanas de extracci\u00f3n\u00bb button_url=\u00bb@ET-DC@eyJkeW5hbWljIjp0cnVlLCJjb250ZW50IjoicG9zdF9saW5rX3VybF9wYWdlIiwic2V0dGluZ3MiOnsicG9zdF9pZCI6IjgwMzI3OSJ9fQ==@\u00bb button_text=\u00bbDescubre\u00bb _builder_version=\u00bb4.20.2&#8243; _dynamic_attributes=\u00bbbutton_url\u00bb _module_preset=\u00bb11de6cc7-6f35-4914-90e8-9e83d758369e\u00bb background_image=\u00bbhttps:\/\/www.absaugwerk.de\/wp-content\/uploads\/2022\/11\/absaugwerk_zubehoer_erfassung_absauhaube.jpg\u00bb custom_padding=\u00bb0px||0px||true|false\u00bb global_colors_info=\u00bb{}\u00bb][\/et_pb_cta][\/et_pb_column][et_pb_column type=\u00bb1_2&#8243; _builder_version=\u00bb4.18.0&#8243; _module_preset=\u00bbdefault\u00bb global_colors_info=\u00bb{}\u00bb][et_pb_cta title=\u00bbGRABACIONES INDIVIDUALES\u00bb button_url=\u00bb#\u00bb url_new_window=\u00bbon\u00bb _builder_version=\u00bb4.20.2&#8243; _module_preset=\u00bb11de6cc7-6f35-4914-90e8-9e83d758369e\u00bb background_color_gradient_stops=\u00bbrgba(0,133,125,0.86) 0%|rgba(0,133,125,0.45) 100%\u00bb background_image=\u00bbhttps:\/\/www.absaugwerk.de\/wp-content\/uploads\/2022\/11\/absaugwerk_zubehoer_erfassung_individuell.jpg\u00bb custom_padding=\u00bb0px||0px||true|false\u00bb link_option_url=\u00bbmailto:vertrieb@absaugwerk.de\u00bb link_option_url_new_window=\u00bbon\u00bb global_colors_info=\u00bb{}\u00bb]<\/p>\n<p><span>Personalizado para tu aplicaci\u00f3n<\/span><\/p>\n<p>[\/et_pb_cta][\/et_pb_column][\/et_pb_row][\/et_pb_section]<\/p>\n<div class=\"shariff shariff-align-center shariff-widget-align-center\" data-services=\"facebook\" data-url=\"https%3A%2F%2Fwww.absaugwerk.de%2Fes%2Funidades-de-extraccion%2Faccesorios%2Fcaptaciones%2F\" data-timestamp=\"1762503060\" data-hidezero=\"1\" data-backendurl=\"https:\/\/www.absaugwerk.de\/es\/wp-json\/shariff\/v1\/share_counts?\"><div class=\"ShariffHeadline\"><h5 style=\"font-size:16px\">TEILEN:<\/h5><\/div><ul class=\"shariff-buttons theme-round orientation-horizontal buttonsize-small\"><li class=\"shariff-button facebook\" style=\"background-color:#00857d;border-radius:10%\"><a href=\"https:\/\/www.facebook.com\/sharer\/sharer.php?u=https%3A%2F%2Fwww.absaugwerk.de%2Fes%2Funidades-de-extraccion%2Faccesorios%2Fcaptaciones%2F\" title=\"Compartir en Facebook\" aria-label=\"Compartir en Facebook\" role=\"button\" rel=\"noreferrernoopener nofollow\" class=\"shariff-link\" style=\";border-radius:10%; background-color:#898989; color:#fff\" target=\"_blank\"><span class=\"shariff-icon\" style=\"\"><svg width=\"32px\" height=\"20px\" xmlns=\"http:\/\/www.w3.org\/2000\/svg\" viewBox=\"0 0 18 32\"><path fill=\"#3b5998\" d=\"M17.1 0.2v4.7h-2.8q-1.5 0-2.1 0.6t-0.5 1.9v3.4h5.2l-0.7 5.3h-4.5v13.6h-5.5v-13.6h-4.5v-5.3h4.5v-3.9q0-3.3 1.9-5.2t5-1.8q2.6 0 4.1 0.2z\"\/><\/svg><\/span><\/a><\/li><li class=\"shariff-button twitter\" style=\"background-color:#00857d;border-radius:10%\"><a href=\"https:\/\/twitter.com\/share?url=https%3A%2F%2Fwww.absaugwerk.de%2Fes%2Funidades-de-extraccion%2Faccesorios%2Fcaptaciones%2F&text=Captaciones\" title=\"Compartir en X (Twitter)\" aria-label=\"Compartir en X (Twitter)\" role=\"button\" rel=\"noreferrernoopener nofollow\" class=\"shariff-link\" style=\";border-radius:10%; background-color:#898989; color:#fff\" target=\"_blank\"><span class=\"shariff-icon\" style=\"\"><svg xmlns=\"http:\/\/www.w3.org\/2000\/svg\" height=\"1em\" viewBox=\"0 0 512 512\"><!--! Font Awesome Free 6.4.2 by @fontawesome - https:\/\/fontawesome.com License - https:\/\/fontawesome.com\/license (Commercial License) Copyright 2023 Fonticons, Inc. --><style>svg{fill:#ffffff}<\/style><path d=\"M389.2 48h70.6L305.6 224.2 487 464H345L233.7 318.6 106.5 464H35.8L200.7 275.5 26.8 48H172.4L272.9 180.9 389.2 48zM364.4 421.8h39.1L151.1 88h-42L364.4 421.8z\"\/><\/svg><\/span><\/a><\/li><li class=\"shariff-button xing\" style=\"background-color:#00857d;border-radius:10%\"><a href=\"https:\/\/www.xing.com\/spi\/shares\/new?url=https%3A%2F%2Fwww.absaugwerk.de%2Fes%2Funidades-de-extraccion%2Faccesorios%2Fcaptaciones%2F\" title=\"Compartir en XING\" aria-label=\"Compartir en XING\" role=\"button\" rel=\"noreferrernoopener nofollow\" class=\"shariff-link\" style=\";border-radius:10%; background-color:#898989; color:#fff\" target=\"_blank\"><span class=\"shariff-icon\" style=\"\"><svg width=\"32px\" height=\"20px\" xmlns=\"http:\/\/www.w3.org\/2000\/svg\" viewBox=\"0 0 25 32\"><path fill=\"#126567\" d=\"M10.7 11.9q-0.2 0.3-4.6 8.2-0.5 0.8-1.2 0.8h-4.3q-0.4 0-0.5-0.3t0-0.6l4.5-8q0 0 0 0l-2.9-5q-0.2-0.4 0-0.7 0.2-0.3 0.5-0.3h4.3q0.7 0 1.2 0.8zM25.1 0.4q0.2 0.3 0 0.7l-9.4 16.7 6 11q0.2 0.4 0 0.6-0.2 0.3-0.6 0.3h-4.3q-0.7 0-1.2-0.8l-6-11.1q0.3-0.6 9.5-16.8 0.4-0.8 1.2-0.8h4.3q0.4 0 0.5 0.3z\"\/><\/svg><\/span><\/a><\/li><li class=\"shariff-button linkedin\" style=\"background-color:#00857d;border-radius:10%\"><a href=\"https:\/\/www.linkedin.com\/sharing\/share-offsite\/?url=https%3A%2F%2Fwww.absaugwerk.de%2Fes%2Funidades-de-extraccion%2Faccesorios%2Fcaptaciones%2F\" title=\"Compartir en LinkedIn\" aria-label=\"Compartir en LinkedIn\" role=\"button\" rel=\"noreferrernoopener nofollow\" class=\"shariff-link\" style=\";border-radius:10%; background-color:#898989; color:#fff\" target=\"_blank\"><span class=\"shariff-icon\" style=\"\"><svg width=\"32px\" height=\"20px\" xmlns=\"http:\/\/www.w3.org\/2000\/svg\" viewBox=\"0 0 27 32\"><path fill=\"#0077b5\" d=\"M6.2 11.2v17.7h-5.9v-17.7h5.9zM6.6 5.7q0 1.3-0.9 2.2t-2.4 0.9h0q-1.5 0-2.4-0.9t-0.9-2.2 0.9-2.2 2.4-0.9 2.4 0.9 0.9 2.2zM27.4 18.7v10.1h-5.9v-9.5q0-1.9-0.7-2.9t-2.3-1.1q-1.1 0-1.9 0.6t-1.2 1.5q-0.2 0.5-0.2 1.4v9.9h-5.9q0-7.1 0-11.6t0-5.3l0-0.9h5.9v2.6h0q0.4-0.6 0.7-1t1-0.9 1.6-0.8 2-0.3q3 0 4.9 2t1.9 6z\"\/><\/svg><\/span><\/a><\/li><li class=\"shariff-button whatsapp\" style=\"background-color:#00857d;border-radius:10%\"><a href=\"https:\/\/api.whatsapp.com\/send?text=https%3A%2F%2Fwww.absaugwerk.de%2Fes%2Funidades-de-extraccion%2Faccesorios%2Fcaptaciones%2F%20Captaciones\" title=\"Compartir en Whatsapp\" aria-label=\"Compartir en Whatsapp\" role=\"button\" rel=\"noreferrernoopener nofollow\" class=\"shariff-link\" style=\";border-radius:10%; background-color:#898989; color:#fff\" target=\"_blank\"><span class=\"shariff-icon\" style=\"\"><svg width=\"32px\" height=\"20px\" xmlns=\"http:\/\/www.w3.org\/2000\/svg\" viewBox=\"0 0 32 32\"><path fill=\"#34af23\" d=\"M17.6 17.4q0.2 0 1.7 0.8t1.6 0.9q0 0.1 0 0.3 0 0.6-0.3 1.4-0.3 0.7-1.3 1.2t-1.8 0.5q-1 0-3.4-1.1-1.7-0.8-3-2.1t-2.6-3.3q-1.3-1.9-1.3-3.5v-0.1q0.1-1.6 1.3-2.8 0.4-0.4 0.9-0.4 0.1 0 0.3 0t0.3 0q0.3 0 0.5 0.1t0.3 0.5q0.1 0.4 0.6 1.6t0.4 1.3q0 0.4-0.6 1t-0.6 0.8q0 0.1 0.1 0.3 0.6 1.3 1.8 2.4 1 0.9 2.7 1.8 0.2 0.1 0.4 0.1 0.3 0 1-0.9t0.9-0.9zM14 26.9q2.3 0 4.3-0.9t3.6-2.4 2.4-3.6 0.9-4.3-0.9-4.3-2.4-3.6-3.6-2.4-4.3-0.9-4.3 0.9-3.6 2.4-2.4 3.6-0.9 4.3q0 3.6 2.1 6.6l-1.4 4.2 4.3-1.4q2.8 1.9 6.2 1.9zM14 2.2q2.7 0 5.2 1.1t4.3 2.9 2.9 4.3 1.1 5.2-1.1 5.2-2.9 4.3-4.3 2.9-5.2 1.1q-3.5 0-6.5-1.7l-7.4 2.4 2.4-7.2q-1.9-3.2-1.9-6.9 0-2.7 1.1-5.2t2.9-4.3 4.3-2.9 5.2-1.1z\"\/><\/svg><\/span><\/a><\/li><\/ul><\/div>","protected":false},"excerpt":{"rendered":"<p><nav aria-label=\"breadcrumbs\" class=\"rank-math-breadcrumb\"><p><span class=\"last\">Startseite<\/span><\/p><\/nav> Captaciones para unidades de extracci\u00f3n El elemento de captaci\u00f3n adecuado es crucial para una aspiraci\u00f3n eficaz de las emisiones industriales. Por eso ofrecemos brazos de extracci\u00f3n, campanas de extracci\u00f3n y mesas de extracci\u00f3n de distintos tama\u00f1os y dise\u00f1os. Personalizado para tu aplicaci\u00f3n<\/p>\n","protected":false},"author":1,"featured_media":0,"parent":886680,"menu_order":0,"comment_status":"closed","ping_status":"closed","template":"","meta":{"_acf_changed":false,"_et_pb_use_builder":"on","_et_pb_old_content":"","_et_gb_content_width":"","footnotes":""},"dipi_cpt_category":[],"class_list":["post-886867","page","type-page","status-publish","hentry"],"acf":[],"_links":{"self":[{"href":"https:\/\/www.absaugwerk.de\/es\/wp-json\/wp\/v2\/pages\/886867","targetHints":{"allow":["GET"]}}],"collection":[{"href":"https:\/\/www.absaugwerk.de\/es\/wp-json\/wp\/v2\/pages"}],"about":[{"href":"https:\/\/www.absaugwerk.de\/es\/wp-json\/wp\/v2\/types\/page"}],"author":[{"embeddable":true,"href":"https:\/\/www.absaugwerk.de\/es\/wp-json\/wp\/v2\/users\/1"}],"replies":[{"embeddable":true,"href":"https:\/\/www.absaugwerk.de\/es\/wp-json\/wp\/v2\/comments?post=886867"}],"version-history":[{"count":3,"href":"https:\/\/www.absaugwerk.de\/es\/wp-json\/wp\/v2\/pages\/886867\/revisions"}],"predecessor-version":[{"id":1023843,"href":"https:\/\/www.absaugwerk.de\/es\/wp-json\/wp\/v2\/pages\/886867\/revisions\/1023843"}],"up":[{"embeddable":true,"href":"https:\/\/www.absaugwerk.de\/es\/wp-json\/wp\/v2\/pages\/886680"}],"wp:attachment":[{"href":"https:\/\/www.absaugwerk.de\/es\/wp-json\/wp\/v2\/media?parent=886867"}],"wp:term":[{"taxonomy":"dipi_cpt_category","embeddable":true,"href":"https:\/\/www.absaugwerk.de\/es\/wp-json\/wp\/v2\/dipi_cpt_category?post=886867"}],"curies":[{"name":"wp","href":"https:\/\/api.w.org\/{rel}","templated":true}]}}